{"id":917,"date":"2023-08-09T12:51:36","date_gmt":"2023-08-09T09:51:36","guid":{"rendered":"https:\/\/ixtur.sivustamo.dev\/product\/iman-de-levantamento-automatico-li-120\/"},"modified":"2023-08-14T12:59:43","modified_gmt":"2023-08-14T09:59:43","slug":"iman-de-levantamento-automatico-li-120","status":"publish","type":"product","link":"https:\/\/www.ixtur.com\/pt-pt\/product\/iman-de-levantamento-automatico-li-120\/","title":{"rendered":"\u00cdman de Levantamento Autom\u00e1tico LI-120"},"content":{"rendered":"\n<p>Os \u00edmanes Ixtur podem ajudar quando \u00e9 preciso:   <\/p>\n\n<ul class=\"wp-block-list\">\n<li>levantar folhas de a\u00e7o longas, finas e estreitas<\/li>\n\n\n\n<li>melhorar a ergon\u00f3mica do trabalho de levantamento<\/li>\n\n\n\n<li>levantar folhas de a\u00e7o do local de armazenamento para uma mesa de corte de forma segura e sem riscos<\/li>\n\n\n\n<li>descarregar mesas de corte<\/li>\n\n\n\n<li>levantar pe\u00e7as com um robot para a soldagem, para uma palete, espa\u00e7o de armazenamento, etc.<\/li>\n\n\n\n<li>planear equipamento de fixa\u00e7\u00e3o magn\u00e9tica flex\u00edvel<\/li>\n\n\n\n<li>usar um \u00edman quando o fornecimento de energia \u00e9 um problema<\/li>\n\n\n\n<li>Mais de 1000 elevadores com uma carga completa da bateria<\/li>\n\n\n\n<li>WLL 120 kg (A\u00e7o S235 S\u226512 mm)<\/li>\n\n\n\n<li>Peso 6,5 kg<\/li>\n<\/ul>\n","protected":false},"featured_media":1239,"template":"","product-category":[],"class_list":["post-917","product","type-product","status-publish","has-post-thumbnail","hentry"],"acf":[],"yoast_head":"<!-- This site is optimized with the Yoast SEO plugin v27.4 - https:\/\/yoast.com\/product\/yoast-seo-wordpress\/ -->\n<title>\u00cdman de Levantamento Autom\u00e1tico LI-120 - Ixtur<\/title>\n<meta name=\"robots\" content=\"index, follow, max-snippet:-1, max-image-preview:large, max-video-preview:-1\" \/>\n<link rel=\"canonical\" href=\"https:\/\/www.ixtur.com\/pt-pt\/product\/iman-de-levantamento-automatico-li-120\/\" \/>\n<meta property=\"og:locale\" content=\"pt_PT\" \/>\n<meta property=\"og:type\" content=\"article\" \/>\n<meta property=\"og:title\" content=\"\u00cdman de Levantamento Autom\u00e1tico LI-120 - Ixtur\" \/>\n<meta property=\"og:description\" content=\"Os \u00edmanes Ixtur podem ajudar quando \u00e9 preciso:\" \/>\n<meta property=\"og:url\" content=\"https:\/\/www.ixtur.com\/pt-pt\/product\/iman-de-levantamento-automatico-li-120\/\" \/>\n<meta property=\"og:site_name\" content=\"Ixtur\" \/>\n<meta property=\"article:modified_time\" content=\"2023-08-14T09:59:43+00:00\" \/>\n<meta property=\"og:image\" content=\"https:\/\/www.ixtur.com\/wp-content\/uploads\/2023\/08\/Magnetic-gripper-LI-120_2.jpg\" \/>\n\t<meta property=\"og:image:width\" content=\"1280\" \/>\n\t<meta property=\"og:image:height\" content=\"1024\" \/>\n\t<meta property=\"og:image:type\" content=\"image\/jpeg\" \/>\n<meta name=\"twitter:card\" content=\"summary_large_image\" \/>\n<meta name=\"twitter:label1\" content=\"Tempo estimado de leitura\" \/>\n\t<meta name=\"twitter:data1\" content=\"1 minuto\" \/>\n<script type=\"application\/ld+json\" class=\"yoast-schema-graph\">{\"@context\":\"https:\\\/\\\/schema.org\",\"@graph\":[{\"@type\":\"WebPage\",\"@id\":\"https:\\\/\\\/www.ixtur.com\\\/pt-pt\\\/product\\\/iman-de-levantamento-automatico-li-120\\\/\",\"url\":\"https:\\\/\\\/www.ixtur.com\\\/pt-pt\\\/product\\\/iman-de-levantamento-automatico-li-120\\\/\",\"name\":\"\u00cdman de Levantamento Autom\u00e1tico LI-120 - Ixtur\",\"isPartOf\":{\"@id\":\"https:\\\/\\\/www.ixtur.com\\\/pt-pt\\\/#website\"},\"primaryImageOfPage\":{\"@id\":\"https:\\\/\\\/www.ixtur.com\\\/pt-pt\\\/product\\\/iman-de-levantamento-automatico-li-120\\\/#primaryimage\"},\"image\":{\"@id\":\"https:\\\/\\\/www.ixtur.com\\\/pt-pt\\\/product\\\/iman-de-levantamento-automatico-li-120\\\/#primaryimage\"},\"thumbnailUrl\":\"https:\\\/\\\/www.ixtur.com\\\/wp-content\\\/uploads\\\/2023\\\/08\\\/Magnetic-gripper-LI-120_2.jpg\",\"datePublished\":\"2023-08-09T09:51:36+00:00\",\"dateModified\":\"2023-08-14T09:59:43+00:00\",\"breadcrumb\":{\"@id\":\"https:\\\/\\\/www.ixtur.com\\\/pt-pt\\\/product\\\/iman-de-levantamento-automatico-li-120\\\/#breadcrumb\"},\"inLanguage\":\"pt-PT\",\"potentialAction\":[{\"@type\":\"ReadAction\",\"target\":[\"https:\\\/\\\/www.ixtur.com\\\/pt-pt\\\/product\\\/iman-de-levantamento-automatico-li-120\\\/\"]}]},{\"@type\":\"ImageObject\",\"inLanguage\":\"pt-PT\",\"@id\":\"https:\\\/\\\/www.ixtur.com\\\/pt-pt\\\/product\\\/iman-de-levantamento-automatico-li-120\\\/#primaryimage\",\"url\":\"https:\\\/\\\/www.ixtur.com\\\/wp-content\\\/uploads\\\/2023\\\/08\\\/Magnetic-gripper-LI-120_2.jpg\",\"contentUrl\":\"https:\\\/\\\/www.ixtur.com\\\/wp-content\\\/uploads\\\/2023\\\/08\\\/Magnetic-gripper-LI-120_2.jpg\",\"width\":1280,\"height\":1024},{\"@type\":\"BreadcrumbList\",\"@id\":\"https:\\\/\\\/www.ixtur.com\\\/pt-pt\\\/product\\\/iman-de-levantamento-automatico-li-120\\\/#breadcrumb\",\"itemListElement\":[{\"@type\":\"ListItem\",\"position\":1,\"name\":\"Etusivu\",\"item\":\"https:\\\/\\\/www.ixtur.com\\\/pt-pt\\\/\"},{\"@type\":\"ListItem\",\"position\":2,\"name\":\"\u00cdman de Levantamento Autom\u00e1tico LI-120\"}]},{\"@type\":\"WebSite\",\"@id\":\"https:\\\/\\\/www.ixtur.com\\\/pt-pt\\\/#website\",\"url\":\"https:\\\/\\\/www.ixtur.com\\\/pt-pt\\\/\",\"name\":\"Ixtur\",\"description\":\"Magnets for Automation and Lifting\",\"publisher\":{\"@id\":\"https:\\\/\\\/www.ixtur.com\\\/pt-pt\\\/#organization\"},\"potentialAction\":[{\"@type\":\"SearchAction\",\"target\":{\"@type\":\"EntryPoint\",\"urlTemplate\":\"https:\\\/\\\/www.ixtur.com\\\/pt-pt\\\/?s={search_term_string}\"},\"query-input\":{\"@type\":\"PropertyValueSpecification\",\"valueRequired\":true,\"valueName\":\"search_term_string\"}}],\"inLanguage\":\"pt-PT\"},{\"@type\":\"Organization\",\"@id\":\"https:\\\/\\\/www.ixtur.com\\\/pt-pt\\\/#organization\",\"name\":\"Ixtur\",\"url\":\"https:\\\/\\\/www.ixtur.com\\\/pt-pt\\\/\",\"logo\":{\"@type\":\"ImageObject\",\"inLanguage\":\"pt-PT\",\"@id\":\"https:\\\/\\\/www.ixtur.com\\\/pt-pt\\\/#\\\/schema\\\/logo\\\/image\\\/\",\"url\":\"https:\\\/\\\/www.ixtur.com\\\/wp-content\\\/uploads\\\/2022\\\/02\\\/logo.svg\",\"contentUrl\":\"https:\\\/\\\/www.ixtur.com\\\/wp-content\\\/uploads\\\/2022\\\/02\\\/logo.svg\",\"caption\":\"Ixtur\"},\"image\":{\"@id\":\"https:\\\/\\\/www.ixtur.com\\\/pt-pt\\\/#\\\/schema\\\/logo\\\/image\\\/\"}}]}<\/script>\n<!-- \/ Yoast SEO plugin. -->","yoast_head_json":{"title":"\u00cdman de Levantamento Autom\u00e1tico LI-120 - Ixtur","robots":{"index":"index","follow":"follow","max-snippet":"max-snippet:-1","max-image-preview":"max-image-preview:large","max-video-preview":"max-video-preview:-1"},"canonical":"https:\/\/www.ixtur.com\/pt-pt\/product\/iman-de-levantamento-automatico-li-120\/","og_locale":"pt_PT","og_type":"article","og_title":"\u00cdman de Levantamento Autom\u00e1tico LI-120 - Ixtur","og_description":"Os \u00edmanes Ixtur podem ajudar quando \u00e9 preciso:","og_url":"https:\/\/www.ixtur.com\/pt-pt\/product\/iman-de-levantamento-automatico-li-120\/","og_site_name":"Ixtur","article_modified_time":"2023-08-14T09:59:43+00:00","og_image":[{"width":1280,"height":1024,"url":"https:\/\/www.ixtur.com\/wp-content\/uploads\/2023\/08\/Magnetic-gripper-LI-120_2.jpg","type":"image\/jpeg"}],"twitter_card":"summary_large_image","twitter_misc":{"Tempo estimado de leitura":"1 minuto"},"schema":{"@context":"https:\/\/schema.org","@graph":[{"@type":"WebPage","@id":"https:\/\/www.ixtur.com\/pt-pt\/product\/iman-de-levantamento-automatico-li-120\/","url":"https:\/\/www.ixtur.com\/pt-pt\/product\/iman-de-levantamento-automatico-li-120\/","name":"\u00cdman de Levantamento Autom\u00e1tico LI-120 - Ixtur","isPartOf":{"@id":"https:\/\/www.ixtur.com\/pt-pt\/#website"},"primaryImageOfPage":{"@id":"https:\/\/www.ixtur.com\/pt-pt\/product\/iman-de-levantamento-automatico-li-120\/#primaryimage"},"image":{"@id":"https:\/\/www.ixtur.com\/pt-pt\/product\/iman-de-levantamento-automatico-li-120\/#primaryimage"},"thumbnailUrl":"https:\/\/www.ixtur.com\/wp-content\/uploads\/2023\/08\/Magnetic-gripper-LI-120_2.jpg","datePublished":"2023-08-09T09:51:36+00:00","dateModified":"2023-08-14T09:59:43+00:00","breadcrumb":{"@id":"https:\/\/www.ixtur.com\/pt-pt\/product\/iman-de-levantamento-automatico-li-120\/#breadcrumb"},"inLanguage":"pt-PT","potentialAction":[{"@type":"ReadAction","target":["https:\/\/www.ixtur.com\/pt-pt\/product\/iman-de-levantamento-automatico-li-120\/"]}]},{"@type":"ImageObject","inLanguage":"pt-PT","@id":"https:\/\/www.ixtur.com\/pt-pt\/product\/iman-de-levantamento-automatico-li-120\/#primaryimage","url":"https:\/\/www.ixtur.com\/wp-content\/uploads\/2023\/08\/Magnetic-gripper-LI-120_2.jpg","contentUrl":"https:\/\/www.ixtur.com\/wp-content\/uploads\/2023\/08\/Magnetic-gripper-LI-120_2.jpg","width":1280,"height":1024},{"@type":"BreadcrumbList","@id":"https:\/\/www.ixtur.com\/pt-pt\/product\/iman-de-levantamento-automatico-li-120\/#breadcrumb","itemListElement":[{"@type":"ListItem","position":1,"name":"Etusivu","item":"https:\/\/www.ixtur.com\/pt-pt\/"},{"@type":"ListItem","position":2,"name":"\u00cdman de Levantamento Autom\u00e1tico LI-120"}]},{"@type":"WebSite","@id":"https:\/\/www.ixtur.com\/pt-pt\/#website","url":"https:\/\/www.ixtur.com\/pt-pt\/","name":"Ixtur","description":"Magnets for Automation and Lifting","publisher":{"@id":"https:\/\/www.ixtur.com\/pt-pt\/#organization"},"potentialAction":[{"@type":"SearchAction","target":{"@type":"EntryPoint","urlTemplate":"https:\/\/www.ixtur.com\/pt-pt\/?s={search_term_string}"},"query-input":{"@type":"PropertyValueSpecification","valueRequired":true,"valueName":"search_term_string"}}],"inLanguage":"pt-PT"},{"@type":"Organization","@id":"https:\/\/www.ixtur.com\/pt-pt\/#organization","name":"Ixtur","url":"https:\/\/www.ixtur.com\/pt-pt\/","logo":{"@type":"ImageObject","inLanguage":"pt-PT","@id":"https:\/\/www.ixtur.com\/pt-pt\/#\/schema\/logo\/image\/","url":"https:\/\/www.ixtur.com\/wp-content\/uploads\/2022\/02\/logo.svg","contentUrl":"https:\/\/www.ixtur.com\/wp-content\/uploads\/2022\/02\/logo.svg","caption":"Ixtur"},"image":{"@id":"https:\/\/www.ixtur.com\/pt-pt\/#\/schema\/logo\/image\/"}}]}},"_links":{"self":[{"href":"https:\/\/www.ixtur.com\/pt-pt\/wp-json\/wp\/v2\/product\/917","targetHints":{"allow":["GET"]}}],"collection":[{"href":"https:\/\/www.ixtur.com\/pt-pt\/wp-json\/wp\/v2\/product"}],"about":[{"href":"https:\/\/www.ixtur.com\/pt-pt\/wp-json\/wp\/v2\/types\/product"}],"wp:featuredmedia":[{"embeddable":true,"href":"https:\/\/www.ixtur.com\/pt-pt\/wp-json\/wp\/v2\/media\/1239"}],"wp:attachment":[{"href":"https:\/\/www.ixtur.com\/pt-pt\/wp-json\/wp\/v2\/media?parent=917"}],"wp:term":[{"taxonomy":"product-category","embeddable":true,"href":"https:\/\/www.ixtur.com\/pt-pt\/wp-json\/wp\/v2\/product-category?post=917"}],"curies":[{"name":"wp","href":"https:\/\/api.w.org\/{rel}","templated":true}]}}