{"id":1114,"date":"2023-08-15T12:28:02","date_gmt":"2023-08-15T09:28:02","guid":{"rendered":"https:\/\/ixtur.sivustamo.dev\/?post_type=product&#038;p=1114"},"modified":"2023-11-07T11:43:26","modified_gmt":"2023-11-07T09:43:26","slug":"ixtur-map-magnete-pneumatico-2","status":"publish","type":"product","link":"https:\/\/www.ixtur.com\/it\/product\/ixtur-map-magnete-pneumatico-2\/","title":{"rendered":"MAP-6 Magnete pneumatico"},"content":{"rendered":"\n<p><strong>Ixtur MAP-6<\/strong> \u00e8 un magnete permanente al neodimio a controllo pneumatico, con un eccellente rapporto dimensioni\/forza di presa e un magnetismo residuo estremamente basso. Le dimensioni compatte e l&#8217;elevata forza di presa li rendono versatili per diverse applicazioni, tra cui: sollevatori, pinze per robot, attrezzature, automazione della produzione, ecc.<\/p>\n\n<p>I magneti pneumatici IXTUR MAP non perdono mai la presa in caso di mancanza della pressione dell\u2019aria, ad esempio in casi di danneggiamento del tubo o malfunzionamento del sistema. Questa caratteristica lo rende affidabile e sicuro per la manipolazione.<\/p>\n\n<p>A differenza dei sollevatori a vuoto, i Magneti IXTUR manipolano anche il materiale forato. Il magnete consuma decisamente meno aria dei sistemi con vuoto perch\u00e9 basta solo una piccola quantit\u00e0 di aria \u00e8 utilizzata solo per il cambio di stato. <\/p>\n","protected":false},"featured_media":1141,"template":"","product-category":[67],"class_list":["post-1114","product","type-product","status-publish","has-post-thumbnail","hentry","product-category-pneumatically-actuated-magnets"],"acf":[],"yoast_head":"<!-- This site is optimized with the Yoast SEO plugin v27.4 - https:\/\/yoast.com\/product\/yoast-seo-wordpress\/ -->\n<title>MAP-6 Magnete pneumatico - Ixtur<\/title>\n<meta name=\"robots\" content=\"index, follow, max-snippet:-1, max-image-preview:large, max-video-preview:-1\" \/>\n<link rel=\"canonical\" href=\"https:\/\/www.ixtur.com\/it\/product\/ixtur-map-magnete-pneumatico-2\/\" \/>\n<meta property=\"og:locale\" content=\"it_IT\" \/>\n<meta property=\"og:type\" content=\"article\" \/>\n<meta property=\"og:title\" content=\"MAP-6 Magnete pneumatico - Ixtur\" \/>\n<meta property=\"og:description\" content=\"Ixtur MAP-6 \u00e8 un magnete permanente al neodimio a controllo pneumatico, con un eccellente rapporto dimensioni\/forza di presa e un magnetismo residuo estremamente basso. Le dimensioni compatte e l&#8217;elevata forza di presa li rendono versatili per diverse applicazioni, tra cui: sollevatori, pinze per robot, attrezzature, automazione della produzione, ecc. I magneti pneumatici IXTUR MAP non [&hellip;]\" \/>\n<meta property=\"og:url\" content=\"https:\/\/www.ixtur.com\/it\/product\/ixtur-map-magnete-pneumatico-2\/\" \/>\n<meta property=\"og:site_name\" content=\"Ixtur\" \/>\n<meta property=\"article:modified_time\" content=\"2023-11-07T09:43:26+00:00\" \/>\n<meta property=\"og:image\" content=\"https:\/\/www.ixtur.com\/wp-content\/uploads\/2023\/08\/Magnetic-gripper-MAP-6.jpg\" \/>\n\t<meta property=\"og:image:width\" content=\"1280\" \/>\n\t<meta property=\"og:image:height\" content=\"1024\" \/>\n\t<meta property=\"og:image:type\" content=\"image\/jpeg\" \/>\n<meta name=\"twitter:card\" content=\"summary_large_image\" \/>\n<meta name=\"twitter:label1\" content=\"Tempo di lettura stimato\" \/>\n\t<meta name=\"twitter:data1\" content=\"1 minuto\" \/>\n<script type=\"application\/ld+json\" class=\"yoast-schema-graph\">{\"@context\":\"https:\\\/\\\/schema.org\",\"@graph\":[{\"@type\":\"WebPage\",\"@id\":\"https:\\\/\\\/www.ixtur.com\\\/it\\\/product\\\/ixtur-map-magnete-pneumatico-2\\\/\",\"url\":\"https:\\\/\\\/www.ixtur.com\\\/it\\\/product\\\/ixtur-map-magnete-pneumatico-2\\\/\",\"name\":\"MAP-6 Magnete pneumatico - Ixtur\",\"isPartOf\":{\"@id\":\"https:\\\/\\\/www.ixtur.com\\\/it\\\/#website\"},\"primaryImageOfPage\":{\"@id\":\"https:\\\/\\\/www.ixtur.com\\\/it\\\/product\\\/ixtur-map-magnete-pneumatico-2\\\/#primaryimage\"},\"image\":{\"@id\":\"https:\\\/\\\/www.ixtur.com\\\/it\\\/product\\\/ixtur-map-magnete-pneumatico-2\\\/#primaryimage\"},\"thumbnailUrl\":\"https:\\\/\\\/www.ixtur.com\\\/wp-content\\\/uploads\\\/2023\\\/08\\\/Magnetic-gripper-MAP-6.jpg\",\"datePublished\":\"2023-08-15T09:28:02+00:00\",\"dateModified\":\"2023-11-07T09:43:26+00:00\",\"breadcrumb\":{\"@id\":\"https:\\\/\\\/www.ixtur.com\\\/it\\\/product\\\/ixtur-map-magnete-pneumatico-2\\\/#breadcrumb\"},\"inLanguage\":\"it-IT\",\"potentialAction\":[{\"@type\":\"ReadAction\",\"target\":[\"https:\\\/\\\/www.ixtur.com\\\/it\\\/product\\\/ixtur-map-magnete-pneumatico-2\\\/\"]}]},{\"@type\":\"ImageObject\",\"inLanguage\":\"it-IT\",\"@id\":\"https:\\\/\\\/www.ixtur.com\\\/it\\\/product\\\/ixtur-map-magnete-pneumatico-2\\\/#primaryimage\",\"url\":\"https:\\\/\\\/www.ixtur.com\\\/wp-content\\\/uploads\\\/2023\\\/08\\\/Magnetic-gripper-MAP-6.jpg\",\"contentUrl\":\"https:\\\/\\\/www.ixtur.com\\\/wp-content\\\/uploads\\\/2023\\\/08\\\/Magnetic-gripper-MAP-6.jpg\",\"width\":1280,\"height\":1024},{\"@type\":\"BreadcrumbList\",\"@id\":\"https:\\\/\\\/www.ixtur.com\\\/it\\\/product\\\/ixtur-map-magnete-pneumatico-2\\\/#breadcrumb\",\"itemListElement\":[{\"@type\":\"ListItem\",\"position\":1,\"name\":\"Etusivu\",\"item\":\"https:\\\/\\\/www.ixtur.com\\\/it\\\/\"},{\"@type\":\"ListItem\",\"position\":2,\"name\":\"MAP-6 Magnete pneumatico\"}]},{\"@type\":\"WebSite\",\"@id\":\"https:\\\/\\\/www.ixtur.com\\\/it\\\/#website\",\"url\":\"https:\\\/\\\/www.ixtur.com\\\/it\\\/\",\"name\":\"Ixtur\",\"description\":\"Magnets for Automation and Lifting\",\"publisher\":{\"@id\":\"https:\\\/\\\/www.ixtur.com\\\/it\\\/#organization\"},\"potentialAction\":[{\"@type\":\"SearchAction\",\"target\":{\"@type\":\"EntryPoint\",\"urlTemplate\":\"https:\\\/\\\/www.ixtur.com\\\/it\\\/?s={search_term_string}\"},\"query-input\":{\"@type\":\"PropertyValueSpecification\",\"valueRequired\":true,\"valueName\":\"search_term_string\"}}],\"inLanguage\":\"it-IT\"},{\"@type\":\"Organization\",\"@id\":\"https:\\\/\\\/www.ixtur.com\\\/it\\\/#organization\",\"name\":\"Ixtur\",\"url\":\"https:\\\/\\\/www.ixtur.com\\\/it\\\/\",\"logo\":{\"@type\":\"ImageObject\",\"inLanguage\":\"it-IT\",\"@id\":\"https:\\\/\\\/www.ixtur.com\\\/it\\\/#\\\/schema\\\/logo\\\/image\\\/\",\"url\":\"https:\\\/\\\/www.ixtur.com\\\/wp-content\\\/uploads\\\/2022\\\/02\\\/logo.svg\",\"contentUrl\":\"https:\\\/\\\/www.ixtur.com\\\/wp-content\\\/uploads\\\/2022\\\/02\\\/logo.svg\",\"caption\":\"Ixtur\"},\"image\":{\"@id\":\"https:\\\/\\\/www.ixtur.com\\\/it\\\/#\\\/schema\\\/logo\\\/image\\\/\"}}]}<\/script>\n<!-- \/ Yoast SEO plugin. -->","yoast_head_json":{"title":"MAP-6 Magnete pneumatico - Ixtur","robots":{"index":"index","follow":"follow","max-snippet":"max-snippet:-1","max-image-preview":"max-image-preview:large","max-video-preview":"max-video-preview:-1"},"canonical":"https:\/\/www.ixtur.com\/it\/product\/ixtur-map-magnete-pneumatico-2\/","og_locale":"it_IT","og_type":"article","og_title":"MAP-6 Magnete pneumatico - Ixtur","og_description":"Ixtur MAP-6 \u00e8 un magnete permanente al neodimio a controllo pneumatico, con un eccellente rapporto dimensioni\/forza di presa e un magnetismo residuo estremamente basso. Le dimensioni compatte e l&#8217;elevata forza di presa li rendono versatili per diverse applicazioni, tra cui: sollevatori, pinze per robot, attrezzature, automazione della produzione, ecc. I magneti pneumatici IXTUR MAP non [&hellip;]","og_url":"https:\/\/www.ixtur.com\/it\/product\/ixtur-map-magnete-pneumatico-2\/","og_site_name":"Ixtur","article_modified_time":"2023-11-07T09:43:26+00:00","og_image":[{"width":1280,"height":1024,"url":"https:\/\/www.ixtur.com\/wp-content\/uploads\/2023\/08\/Magnetic-gripper-MAP-6.jpg","type":"image\/jpeg"}],"twitter_card":"summary_large_image","twitter_misc":{"Tempo di lettura stimato":"1 minuto"},"schema":{"@context":"https:\/\/schema.org","@graph":[{"@type":"WebPage","@id":"https:\/\/www.ixtur.com\/it\/product\/ixtur-map-magnete-pneumatico-2\/","url":"https:\/\/www.ixtur.com\/it\/product\/ixtur-map-magnete-pneumatico-2\/","name":"MAP-6 Magnete pneumatico - Ixtur","isPartOf":{"@id":"https:\/\/www.ixtur.com\/it\/#website"},"primaryImageOfPage":{"@id":"https:\/\/www.ixtur.com\/it\/product\/ixtur-map-magnete-pneumatico-2\/#primaryimage"},"image":{"@id":"https:\/\/www.ixtur.com\/it\/product\/ixtur-map-magnete-pneumatico-2\/#primaryimage"},"thumbnailUrl":"https:\/\/www.ixtur.com\/wp-content\/uploads\/2023\/08\/Magnetic-gripper-MAP-6.jpg","datePublished":"2023-08-15T09:28:02+00:00","dateModified":"2023-11-07T09:43:26+00:00","breadcrumb":{"@id":"https:\/\/www.ixtur.com\/it\/product\/ixtur-map-magnete-pneumatico-2\/#breadcrumb"},"inLanguage":"it-IT","potentialAction":[{"@type":"ReadAction","target":["https:\/\/www.ixtur.com\/it\/product\/ixtur-map-magnete-pneumatico-2\/"]}]},{"@type":"ImageObject","inLanguage":"it-IT","@id":"https:\/\/www.ixtur.com\/it\/product\/ixtur-map-magnete-pneumatico-2\/#primaryimage","url":"https:\/\/www.ixtur.com\/wp-content\/uploads\/2023\/08\/Magnetic-gripper-MAP-6.jpg","contentUrl":"https:\/\/www.ixtur.com\/wp-content\/uploads\/2023\/08\/Magnetic-gripper-MAP-6.jpg","width":1280,"height":1024},{"@type":"BreadcrumbList","@id":"https:\/\/www.ixtur.com\/it\/product\/ixtur-map-magnete-pneumatico-2\/#breadcrumb","itemListElement":[{"@type":"ListItem","position":1,"name":"Etusivu","item":"https:\/\/www.ixtur.com\/it\/"},{"@type":"ListItem","position":2,"name":"MAP-6 Magnete pneumatico"}]},{"@type":"WebSite","@id":"https:\/\/www.ixtur.com\/it\/#website","url":"https:\/\/www.ixtur.com\/it\/","name":"Ixtur","description":"Magnets for Automation and Lifting","publisher":{"@id":"https:\/\/www.ixtur.com\/it\/#organization"},"potentialAction":[{"@type":"SearchAction","target":{"@type":"EntryPoint","urlTemplate":"https:\/\/www.ixtur.com\/it\/?s={search_term_string}"},"query-input":{"@type":"PropertyValueSpecification","valueRequired":true,"valueName":"search_term_string"}}],"inLanguage":"it-IT"},{"@type":"Organization","@id":"https:\/\/www.ixtur.com\/it\/#organization","name":"Ixtur","url":"https:\/\/www.ixtur.com\/it\/","logo":{"@type":"ImageObject","inLanguage":"it-IT","@id":"https:\/\/www.ixtur.com\/it\/#\/schema\/logo\/image\/","url":"https:\/\/www.ixtur.com\/wp-content\/uploads\/2022\/02\/logo.svg","contentUrl":"https:\/\/www.ixtur.com\/wp-content\/uploads\/2022\/02\/logo.svg","caption":"Ixtur"},"image":{"@id":"https:\/\/www.ixtur.com\/it\/#\/schema\/logo\/image\/"}}]}},"_links":{"self":[{"href":"https:\/\/www.ixtur.com\/it\/wp-json\/wp\/v2\/product\/1114","targetHints":{"allow":["GET"]}}],"collection":[{"href":"https:\/\/www.ixtur.com\/it\/wp-json\/wp\/v2\/product"}],"about":[{"href":"https:\/\/www.ixtur.com\/it\/wp-json\/wp\/v2\/types\/product"}],"wp:featuredmedia":[{"embeddable":true,"href":"https:\/\/www.ixtur.com\/it\/wp-json\/wp\/v2\/media\/1141"}],"wp:attachment":[{"href":"https:\/\/www.ixtur.com\/it\/wp-json\/wp\/v2\/media?parent=1114"}],"wp:term":[{"taxonomy":"product-category","embeddable":true,"href":"https:\/\/www.ixtur.com\/it\/wp-json\/wp\/v2\/product-category?post=1114"}],"curies":[{"name":"wp","href":"https:\/\/api.w.org\/{rel}","templated":true}]}}