{"id":1115,"date":"2023-08-15T12:28:02","date_gmt":"2023-08-15T09:28:02","guid":{"rendered":"https:\/\/ixtur.sivustamo.dev\/?post_type=product&#038;p=1115"},"modified":"2023-11-07T11:43:26","modified_gmt":"2023-11-07T09:43:26","slug":"aimants-pneumatiques-ixtur-map-2","status":"publish","type":"product","link":"https:\/\/www.ixtur.com\/fr\/product\/aimants-pneumatiques-ixtur-map-2\/","title":{"rendered":"MAP-6 Aimant pneumatique"},"content":{"rendered":"\n<p>Les aimants permanents en n\u00e9odyme <strong>Ixtur MAP-6<\/strong> is \u00e0 commande pneumatique pr\u00e9sentent un excellent rapport taille\/force de pr\u00e9hension et un magn\u00e9tisme r\u00e9siduel extr\u00eamement faible. Leur taille compacte combin\u00e9e \u00e0 une force de pr\u00e9hension \u00e9lev\u00e9e les rend polyvalents pour diverses applications, notamment les \u00e9l\u00e9vateurs, les pr\u00e9henseurs de robots, les fixations, l&rsquo;automatisation de la production, etc.<\/p>\n\n<p>Les aimants pneumatiques Ixtur MAP ne changent pas leur \u00e9tat magn\u00e9tique si l&rsquo;air comprim\u00e9 est perdu, par exemple, encas de tuyau endommag\u00e9 ou de d\u00e9faillance du compresseur. Cette fonctionnalit\u00e9 offre de la fiabilit\u00e9 et de la s\u00e9curit\u00e9 \u00e0 la manutention de mat\u00e9riaux. <\/p>\n\n<p>Contrairement aux solutions de levage \u00e0 vide, les aimants Ixtur MAP manient aussi des mat\u00e9riaux perfor\u00e9s. Les aimants consomment consid\u00e9rablement moins d&rsquo;air que des pr\u00e9henseurs \u00e0 vide, car l&rsquo;air comprim\u00e9 est utilis\u00e9 seulement pour mettre l&rsquo;aimant en marche et le d\u00e9brancher. <\/p>\n","protected":false},"featured_media":1139,"template":"","product-category":[67],"class_list":["post-1115","product","type-product","status-publish","has-post-thumbnail","hentry","product-category-pneumatically-actuated-magnets"],"acf":[],"yoast_head":"<!-- This site is optimized with the Yoast SEO plugin v27.3 - https:\/\/yoast.com\/product\/yoast-seo-wordpress\/ -->\n<title>MAP-6 Aimant pneumatique - Ixtur<\/title>\n<meta name=\"robots\" content=\"index, follow, max-snippet:-1, max-image-preview:large, max-video-preview:-1\" \/>\n<link rel=\"canonical\" href=\"https:\/\/www.ixtur.com\/fr\/product\/aimants-pneumatiques-ixtur-map-2\/\" \/>\n<meta property=\"og:locale\" content=\"fr_FR\" \/>\n<meta property=\"og:type\" content=\"article\" \/>\n<meta property=\"og:title\" content=\"MAP-6 Aimant pneumatique - Ixtur\" \/>\n<meta property=\"og:description\" content=\"Les aimants permanents en n\u00e9odyme Ixtur MAP-6 is \u00e0 commande pneumatique pr\u00e9sentent un excellent rapport taille\/force de pr\u00e9hension et un magn\u00e9tisme r\u00e9siduel extr\u00eamement faible. Leur taille compacte combin\u00e9e \u00e0 une force de pr\u00e9hension \u00e9lev\u00e9e les rend polyvalents pour diverses applications, notamment les \u00e9l\u00e9vateurs, les pr\u00e9henseurs de robots, les fixations, l&rsquo;automatisation de la production, etc. Les [&hellip;]\" \/>\n<meta property=\"og:url\" content=\"https:\/\/www.ixtur.com\/fr\/product\/aimants-pneumatiques-ixtur-map-2\/\" \/>\n<meta property=\"og:site_name\" content=\"Ixtur\" \/>\n<meta property=\"article:modified_time\" content=\"2023-11-07T09:43:26+00:00\" \/>\n<meta property=\"og:image\" content=\"https:\/\/www.ixtur.com\/wp-content\/uploads\/2023\/08\/Magnetic-gripper-MAP-6.jpg\" \/>\n\t<meta property=\"og:image:width\" content=\"1280\" \/>\n\t<meta property=\"og:image:height\" content=\"1024\" \/>\n\t<meta property=\"og:image:type\" content=\"image\/jpeg\" \/>\n<meta name=\"twitter:card\" content=\"summary_large_image\" \/>\n<meta name=\"twitter:label1\" content=\"Dur\u00e9e de lecture estim\u00e9e\" \/>\n\t<meta name=\"twitter:data1\" content=\"1 minute\" \/>\n<script type=\"application\/ld+json\" class=\"yoast-schema-graph\">{\"@context\":\"https:\\\/\\\/schema.org\",\"@graph\":[{\"@type\":\"WebPage\",\"@id\":\"https:\\\/\\\/www.ixtur.com\\\/fr\\\/product\\\/aimants-pneumatiques-ixtur-map-2\\\/\",\"url\":\"https:\\\/\\\/www.ixtur.com\\\/fr\\\/product\\\/aimants-pneumatiques-ixtur-map-2\\\/\",\"name\":\"MAP-6 Aimant pneumatique - Ixtur\",\"isPartOf\":{\"@id\":\"https:\\\/\\\/www.ixtur.com\\\/fr\\\/#website\"},\"primaryImageOfPage\":{\"@id\":\"https:\\\/\\\/www.ixtur.com\\\/fr\\\/product\\\/aimants-pneumatiques-ixtur-map-2\\\/#primaryimage\"},\"image\":{\"@id\":\"https:\\\/\\\/www.ixtur.com\\\/fr\\\/product\\\/aimants-pneumatiques-ixtur-map-2\\\/#primaryimage\"},\"thumbnailUrl\":\"https:\\\/\\\/www.ixtur.com\\\/wp-content\\\/uploads\\\/2023\\\/08\\\/Magnetic-gripper-MAP-6.jpg\",\"datePublished\":\"2023-08-15T09:28:02+00:00\",\"dateModified\":\"2023-11-07T09:43:26+00:00\",\"breadcrumb\":{\"@id\":\"https:\\\/\\\/www.ixtur.com\\\/fr\\\/product\\\/aimants-pneumatiques-ixtur-map-2\\\/#breadcrumb\"},\"inLanguage\":\"fr-FR\",\"potentialAction\":[{\"@type\":\"ReadAction\",\"target\":[\"https:\\\/\\\/www.ixtur.com\\\/fr\\\/product\\\/aimants-pneumatiques-ixtur-map-2\\\/\"]}]},{\"@type\":\"ImageObject\",\"inLanguage\":\"fr-FR\",\"@id\":\"https:\\\/\\\/www.ixtur.com\\\/fr\\\/product\\\/aimants-pneumatiques-ixtur-map-2\\\/#primaryimage\",\"url\":\"https:\\\/\\\/www.ixtur.com\\\/wp-content\\\/uploads\\\/2023\\\/08\\\/Magnetic-gripper-MAP-6.jpg\",\"contentUrl\":\"https:\\\/\\\/www.ixtur.com\\\/wp-content\\\/uploads\\\/2023\\\/08\\\/Magnetic-gripper-MAP-6.jpg\",\"width\":1280,\"height\":1024},{\"@type\":\"BreadcrumbList\",\"@id\":\"https:\\\/\\\/www.ixtur.com\\\/fr\\\/product\\\/aimants-pneumatiques-ixtur-map-2\\\/#breadcrumb\",\"itemListElement\":[{\"@type\":\"ListItem\",\"position\":1,\"name\":\"Etusivu\",\"item\":\"https:\\\/\\\/www.ixtur.com\\\/fr\\\/\"},{\"@type\":\"ListItem\",\"position\":2,\"name\":\"MAP-6 Aimant pneumatique\"}]},{\"@type\":\"WebSite\",\"@id\":\"https:\\\/\\\/www.ixtur.com\\\/fr\\\/#website\",\"url\":\"https:\\\/\\\/www.ixtur.com\\\/fr\\\/\",\"name\":\"Ixtur\",\"description\":\"Magnets for Automation and Lifting\",\"publisher\":{\"@id\":\"https:\\\/\\\/www.ixtur.com\\\/fr\\\/#organization\"},\"potentialAction\":[{\"@type\":\"SearchAction\",\"target\":{\"@type\":\"EntryPoint\",\"urlTemplate\":\"https:\\\/\\\/www.ixtur.com\\\/fr\\\/?s={search_term_string}\"},\"query-input\":{\"@type\":\"PropertyValueSpecification\",\"valueRequired\":true,\"valueName\":\"search_term_string\"}}],\"inLanguage\":\"fr-FR\"},{\"@type\":\"Organization\",\"@id\":\"https:\\\/\\\/www.ixtur.com\\\/fr\\\/#organization\",\"name\":\"Ixtur\",\"url\":\"https:\\\/\\\/www.ixtur.com\\\/fr\\\/\",\"logo\":{\"@type\":\"ImageObject\",\"inLanguage\":\"fr-FR\",\"@id\":\"https:\\\/\\\/www.ixtur.com\\\/fr\\\/#\\\/schema\\\/logo\\\/image\\\/\",\"url\":\"https:\\\/\\\/www.ixtur.com\\\/wp-content\\\/uploads\\\/2022\\\/02\\\/logo.svg\",\"contentUrl\":\"https:\\\/\\\/www.ixtur.com\\\/wp-content\\\/uploads\\\/2022\\\/02\\\/logo.svg\",\"caption\":\"Ixtur\"},\"image\":{\"@id\":\"https:\\\/\\\/www.ixtur.com\\\/fr\\\/#\\\/schema\\\/logo\\\/image\\\/\"}}]}<\/script>\n<!-- \/ Yoast SEO plugin. -->","yoast_head_json":{"title":"MAP-6 Aimant pneumatique - Ixtur","robots":{"index":"index","follow":"follow","max-snippet":"max-snippet:-1","max-image-preview":"max-image-preview:large","max-video-preview":"max-video-preview:-1"},"canonical":"https:\/\/www.ixtur.com\/fr\/product\/aimants-pneumatiques-ixtur-map-2\/","og_locale":"fr_FR","og_type":"article","og_title":"MAP-6 Aimant pneumatique - Ixtur","og_description":"Les aimants permanents en n\u00e9odyme Ixtur MAP-6 is \u00e0 commande pneumatique pr\u00e9sentent un excellent rapport taille\/force de pr\u00e9hension et un magn\u00e9tisme r\u00e9siduel extr\u00eamement faible. Leur taille compacte combin\u00e9e \u00e0 une force de pr\u00e9hension \u00e9lev\u00e9e les rend polyvalents pour diverses applications, notamment les \u00e9l\u00e9vateurs, les pr\u00e9henseurs de robots, les fixations, l&rsquo;automatisation de la production, etc. Les [&hellip;]","og_url":"https:\/\/www.ixtur.com\/fr\/product\/aimants-pneumatiques-ixtur-map-2\/","og_site_name":"Ixtur","article_modified_time":"2023-11-07T09:43:26+00:00","og_image":[{"width":1280,"height":1024,"url":"https:\/\/www.ixtur.com\/wp-content\/uploads\/2023\/08\/Magnetic-gripper-MAP-6.jpg","type":"image\/jpeg"}],"twitter_card":"summary_large_image","twitter_misc":{"Dur\u00e9e de lecture estim\u00e9e":"1 minute"},"schema":{"@context":"https:\/\/schema.org","@graph":[{"@type":"WebPage","@id":"https:\/\/www.ixtur.com\/fr\/product\/aimants-pneumatiques-ixtur-map-2\/","url":"https:\/\/www.ixtur.com\/fr\/product\/aimants-pneumatiques-ixtur-map-2\/","name":"MAP-6 Aimant pneumatique - Ixtur","isPartOf":{"@id":"https:\/\/www.ixtur.com\/fr\/#website"},"primaryImageOfPage":{"@id":"https:\/\/www.ixtur.com\/fr\/product\/aimants-pneumatiques-ixtur-map-2\/#primaryimage"},"image":{"@id":"https:\/\/www.ixtur.com\/fr\/product\/aimants-pneumatiques-ixtur-map-2\/#primaryimage"},"thumbnailUrl":"https:\/\/www.ixtur.com\/wp-content\/uploads\/2023\/08\/Magnetic-gripper-MAP-6.jpg","datePublished":"2023-08-15T09:28:02+00:00","dateModified":"2023-11-07T09:43:26+00:00","breadcrumb":{"@id":"https:\/\/www.ixtur.com\/fr\/product\/aimants-pneumatiques-ixtur-map-2\/#breadcrumb"},"inLanguage":"fr-FR","potentialAction":[{"@type":"ReadAction","target":["https:\/\/www.ixtur.com\/fr\/product\/aimants-pneumatiques-ixtur-map-2\/"]}]},{"@type":"ImageObject","inLanguage":"fr-FR","@id":"https:\/\/www.ixtur.com\/fr\/product\/aimants-pneumatiques-ixtur-map-2\/#primaryimage","url":"https:\/\/www.ixtur.com\/wp-content\/uploads\/2023\/08\/Magnetic-gripper-MAP-6.jpg","contentUrl":"https:\/\/www.ixtur.com\/wp-content\/uploads\/2023\/08\/Magnetic-gripper-MAP-6.jpg","width":1280,"height":1024},{"@type":"BreadcrumbList","@id":"https:\/\/www.ixtur.com\/fr\/product\/aimants-pneumatiques-ixtur-map-2\/#breadcrumb","itemListElement":[{"@type":"ListItem","position":1,"name":"Etusivu","item":"https:\/\/www.ixtur.com\/fr\/"},{"@type":"ListItem","position":2,"name":"MAP-6 Aimant pneumatique"}]},{"@type":"WebSite","@id":"https:\/\/www.ixtur.com\/fr\/#website","url":"https:\/\/www.ixtur.com\/fr\/","name":"Ixtur","description":"Magnets for Automation and Lifting","publisher":{"@id":"https:\/\/www.ixtur.com\/fr\/#organization"},"potentialAction":[{"@type":"SearchAction","target":{"@type":"EntryPoint","urlTemplate":"https:\/\/www.ixtur.com\/fr\/?s={search_term_string}"},"query-input":{"@type":"PropertyValueSpecification","valueRequired":true,"valueName":"search_term_string"}}],"inLanguage":"fr-FR"},{"@type":"Organization","@id":"https:\/\/www.ixtur.com\/fr\/#organization","name":"Ixtur","url":"https:\/\/www.ixtur.com\/fr\/","logo":{"@type":"ImageObject","inLanguage":"fr-FR","@id":"https:\/\/www.ixtur.com\/fr\/#\/schema\/logo\/image\/","url":"https:\/\/www.ixtur.com\/wp-content\/uploads\/2022\/02\/logo.svg","contentUrl":"https:\/\/www.ixtur.com\/wp-content\/uploads\/2022\/02\/logo.svg","caption":"Ixtur"},"image":{"@id":"https:\/\/www.ixtur.com\/fr\/#\/schema\/logo\/image\/"}}]}},"_links":{"self":[{"href":"https:\/\/www.ixtur.com\/fr\/wp-json\/wp\/v2\/product\/1115","targetHints":{"allow":["GET"]}}],"collection":[{"href":"https:\/\/www.ixtur.com\/fr\/wp-json\/wp\/v2\/product"}],"about":[{"href":"https:\/\/www.ixtur.com\/fr\/wp-json\/wp\/v2\/types\/product"}],"wp:featuredmedia":[{"embeddable":true,"href":"https:\/\/www.ixtur.com\/fr\/wp-json\/wp\/v2\/media\/1139"}],"wp:attachment":[{"href":"https:\/\/www.ixtur.com\/fr\/wp-json\/wp\/v2\/media?parent=1115"}],"wp:term":[{"taxonomy":"product-category","embeddable":true,"href":"https:\/\/www.ixtur.com\/fr\/wp-json\/wp\/v2\/product-category?post=1115"}],"curies":[{"name":"wp","href":"https:\/\/api.w.org\/{rel}","templated":true}]}}